{"id":2136,"date":"2023-03-16T09:07:02","date_gmt":"2023-03-16T09:07:02","guid":{"rendered":"https:\/\/www.distribuidorautomatico.com\/conceitos-inovadores\/"},"modified":"2026-05-01T15:37:48","modified_gmt":"2026-05-01T15:37:48","slug":"conceitos-inovadores","status":"publish","type":"page","link":"https:\/\/www.distribuidorautomatico.com\/pt-br\/conceitos-inovadores\/","title":{"rendered":"Conceitos inovadores"},"content":{"rendered":"\t\t<div data-elementor-type=\"wp-page\" data-elementor-id=\"2136\" class=\"elementor elementor-2136 elementor-1125\">\n\t\t\t\t\t\t<section class=\"elementor-section elementor-top-section elementor-element elementor-element-4bd3c9b elementor-section-height-min-height elementor-section-boxed elementor-section-height-default elementor-section-items-middle\" data-id=\"4bd3c9b\" data-element_type=\"section\" data-e-type=\"section\" data-settings=\"{&quot;background_background&quot;:&quot;classic&quot;}\">\n\t\t\t\t\t\t\t<div class=\"elementor-background-overlay\"><\/div>\n\t\t\t\t\t\t\t<div class=\"elementor-container elementor-column-gap-no\">\n\t\t\t\t\t<div class=\"elementor-column elementor-col-100 elementor-top-column elementor-element elementor-element-f0847fa\" data-id=\"f0847fa\" data-element_type=\"column\" data-e-type=\"column\">\n\t\t\t<div class=\"elementor-widget-wrap elementor-element-populated\">\n\t\t\t\t\t\t<section class=\"elementor-section elementor-inner-section elementor-element elementor-element-69c4f44 elementor-section-boxed elementor-section-height-default elementor-section-height-default\" data-id=\"69c4f44\" data-element_type=\"section\" data-e-type=\"section\">\n\t\t\t\t\t\t<div class=\"elementor-container elementor-column-gap-no\">\n\t\t\t\t\t<div class=\"elementor-column elementor-col-100 elementor-inner-column elementor-element elementor-element-a6be4c7\" data-id=\"a6be4c7\" data-element_type=\"column\" data-e-type=\"column\">\n\t\t\t<div class=\"elementor-widget-wrap elementor-element-populated\">\n\t\t\t\t\t\t<div class=\"elementor-element elementor-element-b9c3fce elementor-widget elementor-widget-heading\" data-id=\"b9c3fce\" data-element_type=\"widget\" data-e-type=\"widget\" data-widget_type=\"heading.default\">\n\t\t\t\t\t<h1 class=\"elementor-heading-title elementor-size-default\">Conceitos inovadores<\/h1>\t\t\t\t<\/div>\n\t\t\t\t\t<\/div>\n\t\t<\/div>\n\t\t\t\t\t<\/div>\n\t\t<\/section>\n\t\t\t\t<section class=\"elementor-section elementor-inner-section elementor-element elementor-element-2614687 elementor-section-boxed elementor-section-height-default elementor-section-height-default\" data-id=\"2614687\" data-element_type=\"section\" data-e-type=\"section\">\n\t\t\t\t\t\t<div class=\"elementor-container elementor-column-gap-no\">\n\t\t\t\t\t<div class=\"elementor-column elementor-col-100 elementor-inner-column elementor-element elementor-element-05ccfd3\" data-id=\"05ccfd3\" data-element_type=\"column\" data-e-type=\"column\">\n\t\t\t<div class=\"elementor-widget-wrap elementor-element-populated\">\n\t\t\t\t\t\t<div class=\"elementor-element elementor-element-4366c0c elementor-widget elementor-widget-heading\" data-id=\"4366c0c\" data-element_type=\"widget\" data-e-type=\"widget\" data-widget_type=\"heading.default\">\n\t\t\t\t\t<h3 class=\"elementor-heading-title elementor-size-default\">Estamos \u00e0 sua disposi\u00e7\u00e3o para conceitos inovadores.<\/h3>\t\t\t\t<\/div>\n\t\t\t\t\t<\/div>\n\t\t<\/div>\n\t\t\t\t\t<\/div>\n\t\t<\/section>\n\t\t\t\t\t<\/div>\n\t\t<\/div>\n\t\t\t\t\t<\/div>\n\t\t<\/section>\n\t\t\t\t<section class=\"elementor-section elementor-top-section elementor-element elementor-element-be93e7d elementor-section-boxed elementor-section-height-default elementor-section-height-default\" data-id=\"be93e7d\" data-element_type=\"section\" data-e-type=\"section\">\n\t\t\t\t\t\t<div class=\"elementor-container elementor-column-gap-default\">\n\t\t\t\t\t<div class=\"elementor-column elementor-col-100 elementor-top-column elementor-element elementor-element-112f8b7\" data-id=\"112f8b7\" data-element_type=\"column\" data-e-type=\"column\">\n\t\t\t<div class=\"elementor-widget-wrap elementor-element-populated\">\n\t\t\t\t\t\t<div class=\"elementor-element elementor-element-195ce9a elementor-widget elementor-widget-heading\" data-id=\"195ce9a\" data-element_type=\"widget\" data-e-type=\"widget\" data-widget_type=\"heading.default\">\n\t\t\t\t\t<h2 class=\"elementor-heading-title elementor-size-default\">Conceitos inovadores<\/h2>\t\t\t\t<\/div>\n\t\t\t\t\t<\/div>\n\t\t<\/div>\n\t\t\t\t\t<\/div>\n\t\t<\/section>\n\t\t\t\t<section class=\"elementor-section elementor-top-section elementor-element elementor-element-7bc201c elementor-section-boxed elementor-section-height-default elementor-section-height-default\" data-id=\"7bc201c\" data-element_type=\"section\" data-e-type=\"section\">\n\t\t\t\t\t\t<div class=\"elementor-container elementor-column-gap-default\">\n\t\t\t\t\t<div class=\"elementor-column elementor-col-100 elementor-top-column elementor-element elementor-element-87d099f\" data-id=\"87d099f\" data-element_type=\"column\" data-e-type=\"column\">\n\t\t\t<div class=\"elementor-widget-wrap elementor-element-populated\">\n\t\t\t\t\t\t<div class=\"elementor-element elementor-element-0ec3f06 elementor-widget elementor-widget-text-editor\" data-id=\"0ec3f06\" data-element_type=\"widget\" data-e-type=\"widget\" data-widget_type=\"text-editor.default\">\n\t\t\t\t\t\t\t\t\t<h3>O futuro da m\u00e1quina de venda autom\u00e1tica: descubra os mais recentes conceitos de \u00faltima gera\u00e7\u00e3o<\/h3><p>No passado, as m\u00e1quinas de venda autom\u00e1tica eram usadas principalmente para vender lanches e bebidas. Nos \u00faltimos anos, entretanto, as m\u00e1quinas de venda autom\u00e1tica se tornaram muito mais inovadoras. Hoje em dia, existem m\u00e1quinas de venda autom\u00e1tica que distribuem todos os tipos de itens diferentes, incluindo roupas, livros did\u00e1ticos e at\u00e9 carros! Nesta postagem do blog, daremos uma olhada em alguns dos conceitos mais inovadores em m\u00e1quinas de venda autom\u00e1tica. Tamb\u00e9m veremos como o WordPress pode ser usado para criar um site poderoso para m\u00e1quinas de venda autom\u00e1tica. Se voc\u00ea quiser saber mais sobre as \u00faltimas tend\u00eancias em vendas autom\u00e1ticas, continue lendo!<\/p><p>Um dos conceitos mais interessantes de venda autom\u00e1tica \u00e9 conhecido como &#8220;venda inteligente&#8221;, em que as m\u00e1quinas de venda autom\u00e1tica usam tecnologia de intelig\u00eancia artificial (IA) para determinar quais itens devem ser estocados e distribu\u00eddos. Os algoritmos de IA usados pelas m\u00e1quinas de venda autom\u00e1tica inteligentes consideram diferentes fatores, como prefer\u00eancias do cliente, dados demogr\u00e1ficos do local, n\u00edveis de estoque atuais e caracter\u00edsticas do produto. As m\u00e1quinas de venda autom\u00e1tica inteligentes est\u00e3o se tornando rapidamente a norma no mercado atual e oferecem v\u00e1rios benef\u00edcios, como maior envolvimento do cliente e melhor atendimento ao cliente.<\/p><p>Outro conceito que est\u00e1 ganhando for\u00e7a no setor de vendas autom\u00e1ticas \u00e9 o de &#8220;pagamentos sem dinheiro&#8221;. Essa tecnologia usa um sistema de pagamento m\u00f3vel que permite que os clientes fa\u00e7am compras com seus telefones ou outros dispositivos em vez de pagar com dinheiro ou cart\u00f5es de cr\u00e9dito. Os pagamentos sem dinheiro permitem que os clientes fa\u00e7am compras de forma r\u00e1pida e segura, e tamb\u00e9m podem ser usados para oferecer pr\u00eamios e programas de fidelidade. Esse tipo de sistema est\u00e1 se tornando cada vez mais popular nas m\u00e1quinas de venda autom\u00e1tica, pois \u00e9 uma solu\u00e7\u00e3o econ\u00f4mica que atrai mais clientes.<\/p><p>As m\u00e1quinas de venda autom\u00e1tica est\u00e3o rapidamente se tornando mais avan\u00e7adas e inovadoras. De vendas inteligentes a pagamentos sem dinheiro, uma ampla gama de conceitos est\u00e1 sendo desenvolvida no setor. A tecnologia tamb\u00e9m pode ser usada para desenvolver algoritmos poderosos para m\u00e1quinas de venda autom\u00e1tica que permitir\u00e3o que os clientes vejam quais produtos est\u00e3o dispon\u00edveis, verifiquem os pre\u00e7os e at\u00e9 mesmo fa\u00e7am pedidos on-line. A tecnologia continua avan\u00e7ando e, em breve, as m\u00e1quinas de venda autom\u00e1tica poder\u00e3o ficar ainda melhores. Estamos ansiosos para ver o que o futuro reserva para esse setor fascinante!<\/p><p>Na verdade, n\u00e3o \u00e9 mais o produto que importa nessa situa\u00e7\u00e3o, pois tudo pode ser vendido por meio de uma m\u00e1quina de venda autom\u00e1tica.<\/p><p>O futuro das vendas est\u00e1 mais brilhante do que nunca. Com novos conceitos sendo desenvolvidos o tempo todo, parece que continuaremos a ver desenvolvimentos interessantes no setor. Esta postagem do blog foi uma breve vis\u00e3o geral de alguns dos mais recentes desenvolvimentos no setor de vendas autom\u00e1ticas. Esperamos que voc\u00ea tenha achado o site informativo e \u00fatil!<\/p><p>Obrigado por voc\u00ea ter lido esta postagem do blog sobre conceitos inovadores no setor de vendas autom\u00e1ticas. Certifique-se de que voc\u00ea esteja em dia com as \u00faltimas tend\u00eancias para ficar \u00e0 frente da concorr\u00eancia. E se voc\u00ea precisar de ajuda com o desenvolvimento de m\u00e1quinas de venda autom\u00e1tica, n\u00e3o hesite em entrar em contato conosco. Estamos ansiosos para ouvir de voc\u00ea!<\/p><p>Temos a sorte de estar em contato com desenvolvedores e engenheiros asi\u00e1ticos que est\u00e3o atualizados com as \u00faltimas tend\u00eancias e inova\u00e7\u00f5es em vendas autom\u00e1ticas.<\/p><p>Obrigado por voc\u00ea ter lido esta postagem do blog sobre conceitos inovadores no setor de vendas autom\u00e1ticas.<\/p><p>Certifique-se de que voc\u00ea esteja atualizado com as \u00faltimas tend\u00eancias para manter sua empresa competitiva e bem-sucedida. Com as not\u00edcias que o mant\u00eam a par dos desenvolvimentos nesse setor, voc\u00ea pode tirar proveito da tecnologia moderna e ficar \u00e0 frente da curva.<\/p><p>Esperamos que voc\u00ea tenha achado este artigo informativo e \u00fatil. Se voc\u00ea tiver alguma d\u00favida ou precisar de ajuda para expandir seu neg\u00f3cio de m\u00e1quinas de venda autom\u00e1tica, n\u00e3o hesite em entrar <a href=\"https:\/\/www-mondistributeurautomatique-com.translate.goog\/contact\/?_x_tr_sl=fr&amp;_x_tr_tl=en&amp;_x_tr_hl=fr&amp;_x_tr_pto=wapp\" target=\"_blank\" rel=\"noopener\">em contato conosco<\/a>, pois estamos ansiosos para ouvi-lo!<\/p>\t\t\t\t\t\t\t\t<\/div>\n\t\t\t\t\t<\/div>\n\t\t<\/div>\n\t\t\t\t\t<\/div>\n\t\t<\/section>\n\t\t\t\t<section class=\"elementor-section elementor-top-section elementor-element elementor-element-f85bd15 elementor-section-boxed elementor-section-height-default elementor-section-height-default\" data-id=\"f85bd15\" data-element_type=\"section\" data-e-type=\"section\">\n\t\t\t\t\t\t<div class=\"elementor-container elementor-column-gap-default\">\n\t\t\t\t\t<div class=\"elementor-column elementor-col-100 elementor-top-column elementor-element elementor-element-29bcf31\" data-id=\"29bcf31\" data-element_type=\"column\" data-e-type=\"column\">\n\t\t\t<div class=\"elementor-widget-wrap elementor-element-populated\">\n\t\t\t\t\t\t<div class=\"elementor-element elementor-element-e42465c elementor-widget elementor-widget-image\" data-id=\"e42465c\" data-element_type=\"widget\" data-e-type=\"widget\" data-widget_type=\"image.default\">\n\t\t\t\t\t\t\t\t\t\t\t\t\t\t\t<img fetchpriority=\"high\" decoding=\"async\" width=\"768\" height=\"512\" src=\"https:\/\/www.distribuidorautomatico.com\/wp-content\/uploads\/2023\/03\/conceptos-innovadores-distribuidorautomatico-768x512.jpg\" class=\"attachment-medium_large size-medium_large wp-image-2005\" alt=\"conceitos inovadores de m\u00e1quinas de venda autom\u00e1tica\" srcset=\"https:\/\/www.distribuidorautomatico.com\/wp-content\/uploads\/2023\/03\/conceptos-innovadores-distribuidorautomatico-768x512.jpg 768w, https:\/\/www.distribuidorautomatico.com\/wp-content\/uploads\/2023\/03\/conceptos-innovadores-distribuidorautomatico-300x200.jpg 300w, https:\/\/www.distribuidorautomatico.com\/wp-content\/uploads\/2023\/03\/conceptos-innovadores-distribuidorautomatico-1024x683.jpg 1024w, https:\/\/www.distribuidorautomatico.com\/wp-content\/uploads\/2023\/03\/conceptos-innovadores-distribuidorautomatico-1536x1025.jpg 1536w, https:\/\/www.distribuidorautomatico.com\/wp-content\/uploads\/2023\/03\/conceptos-innovadores-distribuidorautomatico.jpg 1940w\" sizes=\"(max-width: 768px) 100vw, 768px\" title=\"-\">\t\t\t\t\t\t\t\t\t\t\t\t\t\t\t<\/div>\n\t\t\t\t\t<\/div>\n\t\t<\/div>\n\t\t\t\t\t<\/div>\n\t\t<\/section>\n\t\t\t\t<section class=\"elementor-section elementor-top-section elementor-element elementor-element-89f6d0d elementor-section-boxed elementor-section-height-default elementor-section-height-default\" data-id=\"89f6d0d\" data-element_type=\"section\" data-e-type=\"section\">\n\t\t\t\t\t\t<div class=\"elementor-container elementor-column-gap-default\">\n\t\t\t\t\t<div class=\"elementor-column elementor-col-100 elementor-top-column elementor-element elementor-element-4134bcb\" data-id=\"4134bcb\" data-element_type=\"column\" data-e-type=\"column\">\n\t\t\t<div class=\"elementor-widget-wrap elementor-element-populated\">\n\t\t\t\t\t\t<div class=\"elementor-element elementor-element-2595d55 elementor-widget elementor-widget-text-editor\" data-id=\"2595d55\" data-element_type=\"widget\" data-e-type=\"widget\" data-widget_type=\"text-editor.default\">\n\t\t\t\t\t\t\t\t\t<p><span class=\"\">Voc\u00ea tem uma ideia para produtos em uma m\u00e1quina de venda autom\u00e1tica, por que n\u00e3o falar sobre isso?  <\/span>Temos a experi\u00eancia e a rede para desenvolver o conceito, de modo que possamos fazer a troca com total confidencialidade.<\/p><p><a href=\"https:\/\/www.distribuidorautomatico.com\/contactanos\/\">Contate-nos!<\/a><\/p>\t\t\t\t\t\t\t\t<\/div>\n\t\t\t\t\t<\/div>\n\t\t<\/div>\n\t\t\t\t\t<\/div>\n\t\t<\/section>\n\t\t\t\t<\/div>\n\t\t","protected":false},"excerpt":{"rendered":"<p>Conceitos inovadores Estamos \u00e0 sua disposi\u00e7\u00e3o para conceitos inovadores. Conceitos inovadores O futuro da m\u00e1quina de venda autom\u00e1tica: descubra os mais recentes conceitos de \u00faltima gera\u00e7\u00e3o No passado, as m\u00e1quinas de venda autom\u00e1tica eram usadas principalmente para vender lanches e bebidas. Nos \u00faltimos anos, entretanto, as m\u00e1quinas de venda autom\u00e1tica se tornaram muito mais inovadoras. [&hellip;]<\/p>\n","protected":false},"author":4,"featured_media":0,"parent":0,"menu_order":0,"comment_status":"closed","ping_status":"closed","template":"elementor_theme","meta":{"content-type":"","site-sidebar-layout":"no-sidebar","site-content-layout":"page-builder","ast-site-content-layout":"default","site-content-style":"default","site-sidebar-style":"default","ast-global-header-display":"","ast-banner-title-visibility":"","ast-main-header-display":"","ast-hfb-above-header-display":"","ast-hfb-below-header-display":"","ast-hfb-mobile-header-display":"","site-post-title":"disabled","ast-breadcrumbs-content":"","ast-featured-img":"disabled","footer-sml-layout":"","ast-disable-related-posts":"","theme-transparent-header-meta":"enabled","adv-header-id-meta":"","stick-header-meta":"","header-above-stick-meta":"","header-main-stick-meta":"","header-below-stick-meta":"","astra-migrate-meta-layouts":"default","ast-page-background-enabled":"default","ast-page-background-meta":{"desktop":{"background-color":"","background-image":"","background-repeat":"repeat","background-position":"center center","background-size":"auto","background-attachment":"scroll","background-type":"","background-media":"","overlay-type":"","overlay-color":"","overlay-opacity":"","overlay-gradient":""},"tablet":{"background-color":"","background-image":"","background-repeat":"repeat","background-position":"center center","background-size":"auto","background-attachment":"scroll","background-type":"","background-media":"","overlay-type":"","overlay-color":"","overlay-opacity":"","overlay-gradient":""},"mobile":{"background-color":"","background-image":"","background-repeat":"repeat","background-position":"center center","background-size":"auto","background-attachment":"scroll","background-type":"","background-media":"","overlay-type":"","overlay-color":"","overlay-opacity":"","overlay-gradient":""}},"ast-content-background-meta":{"desktop":{"background-color":"var(--ast-global-color-5)","background-image":"","background-repeat":"repeat","background-position":"center center","background-size":"auto","background-attachment":"scroll","background-type":"","background-media":"","overlay-type":"","overlay-color":"","overlay-opacity":"","overlay-gradient":""},"tablet":{"background-color":"var(--ast-global-color-5)","background-image":"","background-repeat":"repeat","background-position":"center center","background-size":"auto","background-attachment":"scroll","background-type":"","background-media":"","overlay-type":"","overlay-color":"","overlay-opacity":"","overlay-gradient":""},"mobile":{"background-color":"var(--ast-global-color-5)","background-image":"","background-repeat":"repeat","background-position":"center center","background-size":"auto","background-attachment":"scroll","background-type":"","background-media":"","overlay-type":"","overlay-color":"","overlay-opacity":"","overlay-gradient":""}},"footnotes":""},"class_list":["post-2136","page","type-page","status-publish","hentry"],"_links":{"self":[{"href":"https:\/\/www.distribuidorautomatico.com\/pt-br\/wp-json\/wp\/v2\/pages\/2136","targetHints":{"allow":["GET"]}}],"collection":[{"href":"https:\/\/www.distribuidorautomatico.com\/pt-br\/wp-json\/wp\/v2\/pages"}],"about":[{"href":"https:\/\/www.distribuidorautomatico.com\/pt-br\/wp-json\/wp\/v2\/types\/page"}],"author":[{"embeddable":true,"href":"https:\/\/www.distribuidorautomatico.com\/pt-br\/wp-json\/wp\/v2\/users\/4"}],"replies":[{"embeddable":true,"href":"https:\/\/www.distribuidorautomatico.com\/pt-br\/wp-json\/wp\/v2\/comments?post=2136"}],"version-history":[{"count":3,"href":"https:\/\/www.distribuidorautomatico.com\/pt-br\/wp-json\/wp\/v2\/pages\/2136\/revisions"}],"predecessor-version":[{"id":3654,"href":"https:\/\/www.distribuidorautomatico.com\/pt-br\/wp-json\/wp\/v2\/pages\/2136\/revisions\/3654"}],"wp:attachment":[{"href":"https:\/\/www.distribuidorautomatico.com\/pt-br\/wp-json\/wp\/v2\/media?parent=2136"}],"curies":[{"name":"wp","href":"https:\/\/api.w.org\/{rel}","templated":true}]}}