{"id":2191,"date":"2023-11-22T17:37:57","date_gmt":"2023-11-22T17:37:57","guid":{"rendered":"https:\/\/www.distribuidorautomatico.com\/grenke-leasing-partner\/"},"modified":"2026-05-02T09:03:11","modified_gmt":"2026-05-02T09:03:11","slug":"grenke-leasing-partner","status":"publish","type":"page","link":"https:\/\/www.distribuidorautomatico.com\/pt-pt\/grenke-leasing-partner\/","title":{"rendered":"Grenke Leasing Partner"},"content":{"rendered":"\t\t<div data-elementor-type=\"wp-page\" data-elementor-id=\"2191\" class=\"elementor elementor-2191 elementor-1699\">\n\t\t\t\t<div class=\"elementor-element elementor-element-1c1283b e-flex e-con-boxed e-con e-parent\" data-id=\"1c1283b\" data-element_type=\"container\" data-e-type=\"container\">\n\t\t\t\t\t<div class=\"e-con-inner\">\n\t\t\t\t<div class=\"elementor-element elementor-element-3ba6901 elementor-widget elementor-widget-image\" data-id=\"3ba6901\" data-element_type=\"widget\" data-e-type=\"widget\" data-widget_type=\"image.default\">\n\t\t\t\t\t\t\t\t\t\t\t\t\t\t\t<img fetchpriority=\"high\" decoding=\"async\" width=\"530\" height=\"95\" src=\"https:\/\/www.distribuidorautomatico.com\/wp-content\/uploads\/2023\/11\/Grenke-logo.png\" class=\"attachment-large size-large wp-image-2032\" alt=\"Grenke Leasing Partner\" srcset=\"https:\/\/www.distribuidorautomatico.com\/wp-content\/uploads\/2023\/11\/Grenke-logo.png 530w, https:\/\/www.distribuidorautomatico.com\/wp-content\/uploads\/2023\/11\/Grenke-logo-300x54.png 300w\" sizes=\"(max-width: 530px) 100vw, 530px\" title=\"-\">\t\t\t\t\t\t\t\t\t\t\t\t\t\t\t<\/div>\n\t\t\t\t<div class=\"elementor-element elementor-element-d231b5e elementor-widget elementor-widget-heading\" data-id=\"d231b5e\" data-element_type=\"widget\" data-e-type=\"widget\" data-widget_type=\"heading.default\">\n\t\t\t\t\t<h1 class=\"elementor-heading-title elementor-size-small\">Grenke, o nosso parceiro de aluguer\n<\/h1>\t\t\t\t<\/div>\n\t\t\t\t\t<\/div>\n\t\t\t\t<\/div>\n\t\t<div class=\"elementor-element elementor-element-f686d10 e-flex e-con-boxed e-con e-parent\" data-id=\"f686d10\" data-element_type=\"container\" data-e-type=\"container\">\n\t\t\t\t\t<div class=\"e-con-inner\">\n\t\t\t\t<div class=\"elementor-element elementor-element-346dfde elementor-widget elementor-widget-text-editor\" data-id=\"346dfde\" data-element_type=\"widget\" data-e-type=\"widget\" data-widget_type=\"text-editor.default\">\n\t\t\t\t\t\t\t\t\t<p>O seu representante de vendas pode oferecer-lhe uma solu\u00e7\u00e3o de leasing. Como fabricante e distribuidor, temos uma parceria com a Grenke. <\/p>\t\t\t\t\t\t\t\t<\/div>\n\t\t\t\t\t<\/div>\n\t\t\t\t<\/div>\n\t\t<div class=\"elementor-element elementor-element-3def10a e-flex e-con-boxed e-con e-parent\" data-id=\"3def10a\" data-element_type=\"container\" data-e-type=\"container\">\n\t\t\t\t\t<div class=\"e-con-inner\">\n\t\t\t\t<div class=\"elementor-element elementor-element-b069026 elementor-widget elementor-widget-text-editor\" data-id=\"b069026\" data-element_type=\"widget\" data-e-type=\"widget\" data-widget_type=\"text-editor.default\">\n\t\t\t\t\t\t\t\t\t<h3 style=\"text-align: center;\"><span class=\"\">O nosso parceiro Grenke permite-nos oferecer servi\u00e7os de leasing<\/span><\/h3><h3 style=\"text-align: center;\"><span class=\"VIpgJd-yAWNEb-VIpgJd-fmcmS-sn54Q\">Em 33 pa\u00edses de todo o mundo!<\/span><\/h3>\t\t\t\t\t\t\t\t<\/div>\n\t\t\t\t<div class=\"elementor-element elementor-element-bc2ea0f elementor-widget elementor-widget-image\" data-id=\"bc2ea0f\" data-element_type=\"widget\" data-e-type=\"widget\" data-widget_type=\"image.default\">\n\t\t\t\t\t\t\t\t\t\t\t\t\t\t\t<img decoding=\"async\" width=\"1024\" height=\"444\" src=\"https:\/\/www.distribuidorautomatico.com\/wp-content\/uploads\/2025\/11\/GRENKE-presencia-en-33-paises-1024x444.png\" class=\"attachment-large size-large wp-image-3352\" alt=\"Presen\u00e7a da GRENKE em 33 pa\u00edses\" srcset=\"https:\/\/www.distribuidorautomatico.com\/wp-content\/uploads\/2025\/11\/GRENKE-presencia-en-33-paises-1024x444.png 1024w, https:\/\/www.distribuidorautomatico.com\/wp-content\/uploads\/2025\/11\/GRENKE-presencia-en-33-paises-300x130.png 300w, https:\/\/www.distribuidorautomatico.com\/wp-content\/uploads\/2025\/11\/GRENKE-presencia-en-33-paises-768x333.png 768w, https:\/\/www.distribuidorautomatico.com\/wp-content\/uploads\/2025\/11\/GRENKE-presencia-en-33-paises-1536x667.png 1536w, https:\/\/www.distribuidorautomatico.com\/wp-content\/uploads\/2025\/11\/GRENKE-presencia-en-33-paises.png 1790w\" sizes=\"(max-width: 1024px) 100vw, 1024px\" title=\"-\">\t\t\t\t\t\t\t\t\t\t\t\t\t\t\t<\/div>\n\t\t\t\t<div class=\"elementor-element elementor-element-97c997c elementor-widget elementor-widget-text-editor\" data-id=\"97c997c\" data-element_type=\"widget\" data-e-type=\"widget\" data-widget_type=\"text-editor.default\">\n\t\t\t\t\t\t\t\t\t<p><strong>Cobertura internacional<\/strong><\/p><p>Austr\u00e1lia &#8211; \u00c1ustria &#8211; B\u00e9lgica &#8211; Brasil &#8211; Canad\u00e1 &#8211; Chile &#8211; Cro\u00e1cia &#8211; Rep\u00fablica Checa &#8211; Dinamarca &#8211; Finl\u00e2ndia &#8211; Fran\u00e7a &#8211; Alemanha &#8211; Hungria &#8211; Irlanda &#8211; It\u00e1lia &#8211; Let\u00f3nia &#8211; Luxemburgo &#8211; Malta &#8211; Pa\u00edses Baixos &#8211; Noruega &#8211; Pol\u00f3nia &#8211; Portugal &#8211; Rom\u00e9nia &#8211; Eslov\u00e1quia &#8211; Eslov\u00e9nia &#8211; Espanha &#8211; Singapura &#8211; Turquia &#8211; Su\u00ed\u00e7a &#8211; Emirados \u00c1rabes Unidos &#8211; Reino Unido &#8211; Estados Unidos da Am\u00e9rica<\/p>\t\t\t\t\t\t\t\t<\/div>\n\t\t\t\t\t<\/div>\n\t\t\t\t<\/div>\n\t\t<div class=\"elementor-element elementor-element-003fd0b e-flex e-con-boxed e-con e-parent\" data-id=\"003fd0b\" data-element_type=\"container\" data-e-type=\"container\">\n\t\t\t\t\t<div class=\"e-con-inner\">\n\t\t\t\t<div class=\"elementor-element elementor-element-302b29b elementor-widget elementor-widget-text-editor\" data-id=\"302b29b\" data-element_type=\"widget\" data-e-type=\"widget\" data-widget_type=\"text-editor.default\">\n\t\t\t\t\t\t\t\t\t<p><a title=\"Grenke.pt\" href=\"https:\/\/www.grenke.es\/\" target=\"_blank\" rel=\"noopener\"><span><span class=\"\">Grenke.pt<\/span><\/span><\/a><span><span class=\"\"> posicionou-se como uma plataforma indispens\u00e1vel no dom\u00ednio das solu\u00e7\u00f5es financeiras e de leasing para empresas. <\/span><\/span> <\/p><h3><strong><span>I. Apresenta\u00e7\u00e3o da Grenke.pt<\/span><\/strong><\/h3><p><span>A Grenke.pt destaca-se como um parceiro financeiro empresarial dedicado, oferecendo uma gama completa de solu\u00e7\u00f5es para satisfazer as necessidades espec\u00edficas de cada organiza\u00e7\u00e3o. A plataforma pretende ser o catalisador do crescimento, oferecendo servi\u00e7os financeiros flex\u00edveis e adaptados.<\/span><\/p><h3><strong><span>II. Solu\u00e7\u00f5es financeiras personalizadas<\/span><\/strong><\/h3><h4><strong><span>Loca\u00e7\u00e3o operacional<\/span><\/strong><\/h4><p><span>A GRENKE.pt oferece uma solu\u00e7\u00e3o de aluguer operacional que permite \u00e0s empresas adquirirem equipamentos sem a necessidade de mobilizar grandes investimentos iniciais. Esta abordagem flex\u00edvel oferece uma gest\u00e3o de tesouraria optimizada, assegurando simultaneamente o acesso \u00e0s tecnologias mais recentes.<\/span><\/p><h4><strong><span>2. Aluguer de TI<\/span><\/strong><\/h4><p><span>Especializada em aluguer de TI, a Grenke.pt facilita o acesso das empresas a ferramentas tecnol\u00f3gicas essenciais. Esta solu\u00e7\u00e3o promove a atualiza\u00e7\u00e3o constante dos equipamentos, ajudando assim a manter as empresas competitivas num ambiente em constante mudan\u00e7a.<\/span><\/p><h4><strong><span>3. Factoriza\u00e7\u00e3o<\/span><\/strong><\/h4><p><span>A GRENKE.pt tamb\u00e9m oferece servi\u00e7os de factoring, que permitem \u00e0s empresas transformar os cr\u00e9ditos dos seus clientes em liquidez imediata. Esta abordagem proactiva da gest\u00e3o de tesouraria ajuda as empresas a manter a estabilidade financeira, promovendo simultaneamente o desenvolvimento do neg\u00f3cio.<\/span><\/p><h3><strong><span>III. Vantagens competitivas da Grenke.pt<\/span><\/strong><\/h3><h4><strong><span>1. flexibilidade financeira<\/span><\/strong><\/h4><p><span>Um dos pontos fortes da GRENKE.pt reside na sua flexibilidade financeira. As empresas podem ajustar os seus contratos \u00e0 medida que as suas necessidades mudam, proporcionando uma adaptabilidade que \u00e9 rara no dom\u00ednio financeiro.<\/span><\/p><h4><strong><span>2. Processo simplificado<\/span><\/strong><\/h4><p><span>A Grenke.pt distingue-se pela simplicidade dos seus processos. O acesso a solu\u00e7\u00f5es financeiras \u00e9 r\u00e1pido e eficiente, permitindo que as empresas se concentrem na sua atividade principal sem serem prejudicadas por procedimentos complexos.<\/span><\/p><h4><strong><span>3. Experi\u00eancia no sector<\/span><\/strong><\/h4><p><span>A plataforma demonstra um profundo conhecimento da ind\u00fastria e compreende as caracter\u00edsticas espec\u00edficas e os desafios enfrentados por v\u00e1rios sectores empresariais. Este conhecimento profundo permite \u00e0 Grenke.pt oferecer solu\u00e7\u00f5es \u00e0 medida, alinhadas com as necessidades espec\u00edficas de cada empresa.<\/span><\/p><h3><strong><span>IV. Compromissos para o crescimento do neg\u00f3cio<\/span><\/strong><\/h3><h4><strong><span>1. apoio proactivo<\/span><\/strong><\/h4><p><span>A Grenke.pt n\u00e3o \u00e9 apenas um fornecedor de servi\u00e7os financeiros; a plataforma est\u00e1 empenhada em apoiar proactivamente as empresas \u00e0 medida que estas crescem. Tens \u00e0 tua disposi\u00e7\u00e3o conselheiros dedicados para te darem apoio personalizado e aconselhamento especializado.<\/span><\/p><h4><strong><span>2) Inova\u00e7\u00e3o cont\u00ednua<\/span><\/strong><\/h4><p><span>A plataforma posiciona-se como um ator inovador, integrando constantemente novas tecnologias para otimizar os seus servi\u00e7os. Esta abordagem orientada para a inova\u00e7\u00e3o garante que as empresas parceiras t\u00eam acesso a solu\u00e7\u00f5es que est\u00e3o sempre na vanguarda da tecnologia.<\/span><\/p><h4><strong><span>3. Responsabilidade social e ambiental<\/span><\/strong><\/h4><p><span>A Grenke.pt integra preocupa\u00e7\u00f5es de responsabilidade social e ambiental nas suas pr\u00e1ticas. A plataforma promove iniciativas sustent\u00e1veis, contribuindo assim para a constru\u00e7\u00e3o de um tecido econ\u00f3mico amigo do ambiente.<\/span><\/p><h3><strong><span>V. Testemunhos de clientes e hist\u00f3rias de sucesso<\/span><\/strong><\/h3><p><span>Para ilustrar o impacto positivo da Grenke.pt, o s\u00edtio apresenta testemunhos de clientes e estudos de casos que destacam os \u00eaxitos alcan\u00e7ados atrav\u00e9s das suas solu\u00e7\u00f5es financeiras. Este feedback refor\u00e7a a credibilidade da plataforma e tranquiliza as empresas quanto \u00e0 qualidade dos seus servi\u00e7os.<\/span><\/p><h3><strong><span>VI. Not\u00edcias e recursos<\/span><\/strong><\/h3><p><span>A Grenke.pt mant\u00e9m os seus utilizadores informados sobre as \u00faltimas not\u00edcias financeiras, tend\u00eancias de mercado e desenvolvimentos legislativos que afectam as empresas. Tamb\u00e9m est\u00e3o dispon\u00edveis recursos como artigos, webinars e estudos de mercado, refor\u00e7ando a posi\u00e7\u00e3o da Grenke.pt como um parceiro de confian\u00e7a.<\/span><\/p><h3><strong><span>VII. Conclus\u00e3o: Grenke.pt, um parceiro essencial para o crescimento das empresas<\/span><\/strong><\/h3><p><span>Em conclus\u00e3o, o s\u00edtio <\/span><a title=\"Grenke.pt\" href=\"https:\/\/www.grenke.es\/\" target=\"_blank\" rel=\"noopener\"><span>Grenke.pt<\/span><\/a><span> acaba por ser muito mais do que uma plataforma de servi\u00e7os financeiros. Como parceiro dedicado ao crescimento do neg\u00f3cio, a Grenke.pt oferece solu\u00e7\u00f5es flex\u00edveis, vantagens competitivas e um compromisso constante com a inova\u00e7\u00e3o e a responsabilidade social. Gra\u00e7as aos testemunhos eloquentes dos seus clientes, a GRENKE.pt imp\u00f4s-se como um ator-chave para as empresas que procuram solu\u00e7\u00f5es financeiras adaptadas \u00e0s suas necessidades espec\u00edficas.<\/span><\/p>\t\t\t\t\t\t\t\t<\/div>\n\t\t\t\t\t<\/div>\n\t\t\t\t<\/div>\n\t\t<div class=\"elementor-element elementor-element-16db682 e-flex e-con-boxed e-con e-parent\" data-id=\"16db682\" data-element_type=\"container\" data-e-type=\"container\">\n\t\t\t\t\t<div class=\"e-con-inner\">\n\t\t\t\t<div class=\"elementor-element elementor-element-dd70499 elementor-widget elementor-widget-button\" data-id=\"dd70499\" data-element_type=\"widget\" data-e-type=\"widget\" data-widget_type=\"button.default\">\n\t\t\t\t\t\t\t\t\t\t<a class=\"elementor-button elementor-button-link elementor-size-sm\" href=\"https:\/\/www.distribuidorautomatico.com\/pt-pt\/contacta-nos-em\/\">\n\t\t\t\t\t\t<span class=\"elementor-button-content-wrapper\">\n\t\t\t\t\t\t\t\t\t<span class=\"elementor-button-text\">Contacta-nos<\/span>\n\t\t\t\t\t<\/span>\n\t\t\t\t\t<\/a>\n\t\t\t\t\t\t\t\t<\/div>\n\t\t\t\t\t<\/div>\n\t\t\t\t<\/div>\n\t\t\t\t<\/div>\n\t\t","protected":false},"excerpt":{"rendered":"<p>Grenke, o nosso parceiro de aluguer O seu representante de vendas pode oferecer-lhe uma solu\u00e7\u00e3o de leasing. Como fabricante e distribuidor, temos uma parceria com a Grenke. O nosso parceiro Grenke permite-nos oferecer servi\u00e7os de leasing Em 33 pa\u00edses de todo o mundo! Cobertura internacional Austr\u00e1lia &#8211; \u00c1ustria &#8211; B\u00e9lgica &#8211; Brasil &#8211; Canad\u00e1 &#8211; [&hellip;]<\/p>\n","protected":false},"author":4,"featured_media":0,"parent":0,"menu_order":0,"comment_status":"closed","ping_status":"closed","template":"","meta":{"content-type":"","site-sidebar-layout":"no-sidebar","site-content-layout":"page-builder","ast-site-content-layout":"full-width-container","site-content-style":"default","site-sidebar-style":"default","ast-global-header-display":"","ast-banner-title-visibility":"","ast-main-header-display":"","ast-hfb-above-header-display":"","ast-hfb-below-header-display":"","ast-hfb-mobile-header-display":"","site-post-title":"disabled","ast-breadcrumbs-content":"","ast-featured-img":"disabled","footer-sml-layout":"","ast-disable-related-posts":"","theme-transparent-header-meta":"","adv-header-id-meta":"","stick-header-meta":"","header-above-stick-meta":"","header-main-stick-meta":"","header-below-stick-meta":"","astra-migrate-meta-layouts":"default","ast-page-background-enabled":"default","ast-page-background-meta":{"desktop":{"background-color":"","background-image":"","background-repeat":"repeat","background-position":"center center","background-size":"auto","background-attachment":"scroll","background-type":"","background-media":"","overlay-type":"","overlay-color":"","overlay-opacity":"","overlay-gradient":""},"tablet":{"background-color":"","background-image":"","background-repeat":"repeat","background-position":"center center","background-size":"auto","background-attachment":"scroll","background-type":"","background-media":"","overlay-type":"","overlay-color":"","overlay-opacity":"","overlay-gradient":""},"mobile":{"background-color":"","background-image":"","background-repeat":"repeat","background-position":"center center","background-size":"auto","background-attachment":"scroll","background-type":"","background-media":"","overlay-type":"","overlay-color":"","overlay-opacity":"","overlay-gradient":""}},"ast-content-background-meta":{"desktop":{"background-color":"var(--ast-global-color-5)","background-image":"","background-repeat":"repeat","background-position":"center center","background-size":"auto","background-attachment":"scroll","background-type":"","background-media":"","overlay-type":"","overlay-color":"","overlay-opacity":"","overlay-gradient":""},"tablet":{"background-color":"var(--ast-global-color-5)","background-image":"","background-repeat":"repeat","background-position":"center center","background-size":"auto","background-attachment":"scroll","background-type":"","background-media":"","overlay-type":"","overlay-color":"","overlay-opacity":"","overlay-gradient":""},"mobile":{"background-color":"var(--ast-global-color-5)","background-image":"","background-repeat":"repeat","background-position":"center center","background-size":"auto","background-attachment":"scroll","background-type":"","background-media":"","overlay-type":"","overlay-color":"","overlay-opacity":"","overlay-gradient":""}},"footnotes":""},"class_list":["post-2191","page","type-page","status-publish","hentry"],"_links":{"self":[{"href":"https:\/\/www.distribuidorautomatico.com\/pt-pt\/wp-json\/wp\/v2\/pages\/2191","targetHints":{"allow":["GET"]}}],"collection":[{"href":"https:\/\/www.distribuidorautomatico.com\/pt-pt\/wp-json\/wp\/v2\/pages"}],"about":[{"href":"https:\/\/www.distribuidorautomatico.com\/pt-pt\/wp-json\/wp\/v2\/types\/page"}],"author":[{"embeddable":true,"href":"https:\/\/www.distribuidorautomatico.com\/pt-pt\/wp-json\/wp\/v2\/users\/4"}],"replies":[{"embeddable":true,"href":"https:\/\/www.distribuidorautomatico.com\/pt-pt\/wp-json\/wp\/v2\/comments?post=2191"}],"version-history":[{"count":3,"href":"https:\/\/www.distribuidorautomatico.com\/pt-pt\/wp-json\/wp\/v2\/pages\/2191\/revisions"}],"predecessor-version":[{"id":3718,"href":"https:\/\/www.distribuidorautomatico.com\/pt-pt\/wp-json\/wp\/v2\/pages\/2191\/revisions\/3718"}],"wp:attachment":[{"href":"https:\/\/www.distribuidorautomatico.com\/pt-pt\/wp-json\/wp\/v2\/media?parent=2191"}],"curies":[{"name":"wp","href":"https:\/\/api.w.org\/{rel}","templated":true}]}}